{"id":974,"date":"2020-04-02T08:48:24","date_gmt":"2020-04-02T08:48:24","guid":{"rendered":"http:\/\/www.bodegasvirgendelavega.es\/datos-contacto-bodega-virgen-vega\/"},"modified":"2021-05-06T14:44:41","modified_gmt":"2021-05-06T14:44:41","slug":"data-contact-wineries-virgen-vega","status":"publish","type":"page","link":"https:\/\/www.bodegasvirgendelavega.es\/en\/data-contact-wineries-virgen-vega\/","title":{"rendered":"Contact"},"content":{"rendered":"<div class=\"wpb-content-wrapper\"><p>[vc_row dfd_row_config=&#8221;full_width_content&#8221; dfd_bg_style=&#8221;image&#8221; dfd_bg_image_repeat=&#8221;no-repeat&#8221; dfd_bg_image_size=&#8221;initial&#8221; dfd_bg_image_position=&#8221;right top&#8221; dfd_row_responsive_enable=&#8221;dfd-row-responsive-enable&#8221; css=&#8221;.vc_custom_1615486115114{background-position: 0 0 !important;background-repeat: no-repeat !important;}&#8221; responsive_styles=&#8221;padding_left_tablet:20|padding_right_tablet:20|padding_left_mobile:20|padding_right_mobile:20&#8243;][vc_column col_shadow=&#8221;box_shadow_enable:disable|shadow_horizontal:0|shadow_vertical:15|shadow_blur:50|shadow_spread:0|box_shadow_color:rgba(0%2C0%2C0%2C0.35)&#8221; col_shadow_hover=&#8221;box_shadow_enable:disable|shadow_horizontal:0|shadow_vertical:15|shadow_blur:50|shadow_spread:0|box_shadow_color:rgba(0%2C0%2C0%2C0.35)&#8221;][vc_row_inner][vc_column_inner el_class=&#8221;mediacolboxedleft&#8221; width=&#8221;1\/2&#8243; dfd_column_responsive_enable=&#8221;dfd-column-responsive-enable&#8221; col_inner_shadow=&#8221;box_shadow_enable:disable|shadow_horizontal:0|shadow_vertical:15|shadow_blur:50|shadow_spread:0|box_shadow_color:rgba(0%2C0%2C0%2C0.35)&#8221; col_inner_shadow_hover=&#8221;box_shadow_enable:disable|shadow_horizontal:0|shadow_vertical:15|shadow_blur:50|shadow_spread:0|box_shadow_color:rgba(0%2C0%2C0%2C0.35)&#8221; css=&#8221;.vc_custom_1615544571005{padding-right: 40px !important;}&#8221; responsive_styles=&#8221;padding_left_tablet:0|padding_right_tablet:0|padding_left_mobile:0|padding_right_mobile:0&#8243;][dfd_spacer screen_wide_spacer_size=&#8221;120&#8243; screen_normal_resolution=&#8221;1024&#8243; screen_tablet_resolution=&#8221;800&#8243; screen_mobile_resolution=&#8221;480&#8243; screen_normal_spacer_size=&#8221;100&#8243; screen_tablet_spacer_size=&#8221;100&#8243; screen_mobile_spacer_size=&#8221;60&#8243;][dfd_heading style=&#8221;style_05&#8243; subtitle=&#8221;If you would like to buy one of our wines, discover our winery or learn more about our vineyards, you can call us, send us email or fill in the form.&#8221; content_alignment=&#8221;text-left&#8221; module_animation=&#8221;transition.fadeIn&#8221; delimiter_settings=&#8221;delimiter_style:solid|delimiter_width:44|delimiter_height:4|delimiter_color:%23baa37c&#8221; delimiter_margin=&#8221;margin-top:10&#8243; undefined=&#8221;&#8221; title_font_options=&#8221;tag:h3&#8243; subtitle_font_options=&#8221;tag:div&#8221; subheading_margin=&#8221;margin-top:20|margin-bottom:20&#8243;]CONTACT[\/dfd_heading][vc_column_text item_animation=&#8221;transition.slideRightBigIn&#8221;]<strong>We will answer you within at most 48 hours.<br \/>\n<\/strong><strong>It&#8217;s always a pleasure to hear from you!<\/strong><\/p>\n<p>&nbsp;<\/p>\n<p><strong>BODEGAS VIRGEN DE LA VEGA SOCIEDAD COOPERATIVA<\/strong>[\/vc_column_text][dfd_spacer screen_wide_spacer_size=&#8221;30&#8243; screen_normal_resolution=&#8221;1024&#8243; screen_tablet_resolution=&#8221;800&#8243; screen_mobile_resolution=&#8221;480&#8243;][dfd_icon_list module_animation=&#8221;transition.slideUpBigIn&#8221; list_fields=&#8221;%5B%7B%22icon_type%22%3A%22selector%22%2C%22select_icon%22%3A%22dfd_icons%22%2C%22ic_dfd_icons%22%3A%22dfd-socicon-home%22%2C%22text_content%22%3A%22Av.%20Santo%20Domingo%20de%20la%20Calzada%2C%2042.%2026200%20Haro.%20La%20Rioja%22%7D%2C%7B%22icon_type%22%3A%22selector%22%2C%22select_icon%22%3A%22dfd_icons%22%2C%22ic_dfd_icons%22%3A%22dfd-socicon-telephone-handle-silhouette%22%2C%22text_content%22%3A%22941%2031%2007%2029%22%7D%2C%7B%22icon_type%22%3A%22selector%22%2C%22select_icon%22%3A%22dfd_icons%22%2C%22ic_dfd_icons%22%3A%22dfd-socicon-mail%22%2C%22text_content%22%3A%22info%40bodegasvirgendelavega.es%22%2C%22link_box%22%3A%22link_b%22%2C%22link%22%3A%22url%3Amailto%253Ainfo%2540bodegasvirgendelavega.es%22%7D%5D&#8221; icon_border=&#8221;border_style:solid|border_radius:15&#8243; main_style=&#8221;style-1&#8243; font_options=&#8221;tag:div|font_size:13&#8243; icon_color=&#8221;#baa37c&#8221; icon_background=&#8221;#1d3c2b&#8221; icon_size=&#8221;14&#8243;][dfd_spacer screen_wide_spacer_size=&#8221;30&#8243; screen_normal_resolution=&#8221;1024&#8243; screen_tablet_resolution=&#8221;800&#8243; screen_mobile_resolution=&#8221;480&#8243;]\n<div class=\"wpcf7 no-js\" id=\"wpcf7-f1120-o1\" lang=\"en-US\" dir=\"ltr\" data-wpcf7-id=\"1120\">\n<div class=\"screen-reader-response\"><p role=\"status\" aria-live=\"polite\" aria-atomic=\"true\"><\/p> <ul><\/ul><\/div>\n<form action=\"\/en\/wp-json\/wp\/v2\/pages\/974#wpcf7-f1120-o1\" method=\"post\" class=\"wpcf7-form init\" aria-label=\"Contact form\" novalidate=\"novalidate\" data-status=\"init\">\n<fieldset class=\"hidden-fields-container\"><input type=\"hidden\" name=\"_wpcf7\" value=\"1120\" \/><input type=\"hidden\" name=\"_wpcf7_version\" value=\"6.1.5\" \/><input type=\"hidden\" name=\"_wpcf7_locale\" value=\"en_US\" \/><input type=\"hidden\" name=\"_wpcf7_unit_tag\" value=\"wpcf7-f1120-o1\" \/><input type=\"hidden\" name=\"_wpcf7_container_post\" value=\"0\" \/><input type=\"hidden\" name=\"_wpcf7_posted_data_hash\" value=\"\" \/><input type=\"hidden\" name=\"_wpcf7_recaptcha_response\" value=\"\" \/>\n<\/fieldset>\n<div id=\"responsive-form-contacto\" class=\"clearfix\">\n\t<div class=\"form-row-contacto\">\n\t\t<div class=\"column-half\">\n\t\t\t<p><span class=\"wpcf7-form-control-wrap\" data-name=\"nombre\"><input size=\"40\" maxlength=\"400\" class=\"wpcf7-form-control wpcf7-text wpcf7-validates-as-required textocontacto\" id=\"nombre\" aria-required=\"true\" aria-invalid=\"false\" placeholder=\"Name*\" value=\"\" type=\"text\" name=\"nombre\" \/><\/span>\n\t\t\t<\/p>\n\t\t<\/div>\n\t\t<div class=\"column-half\">\n\t\t\t<p><span class=\"wpcf7-form-control-wrap\" data-name=\"apellidos\"><input size=\"40\" maxlength=\"400\" class=\"wpcf7-form-control wpcf7-text wpcf7-validates-as-required textocontacto\" id=\"apellidos\" aria-required=\"true\" aria-invalid=\"false\" placeholder=\"Second Name*\" value=\"\" type=\"text\" name=\"apellidos\" \/><\/span>\n\t\t\t<\/p>\n\t\t<\/div>\n\t<\/div>\n\t<div class=\"form-row-contacto\">\n\t\t<div class=\"column-half\">\n\t\t\t<p><span class=\"wpcf7-form-control-wrap\" data-name=\"telefono\"><input size=\"40\" maxlength=\"400\" class=\"wpcf7-form-control wpcf7-text wpcf7-validates-as-required textocontacto\" id=\"telefono\" aria-required=\"true\" aria-invalid=\"false\" placeholder=\"Phone*\" value=\"\" type=\"text\" name=\"telefono\" \/><\/span>\n\t\t\t<\/p>\n\t\t<\/div>\n\t\t<div class=\"column-half\">\n\t\t\t<p><span class=\"wpcf7-form-control-wrap\" data-name=\"email\"><input size=\"40\" maxlength=\"400\" class=\"wpcf7-form-control wpcf7-email wpcf7-validates-as-required wpcf7-text wpcf7-validates-as-email textocontacto\" id=\"email\" aria-required=\"true\" aria-invalid=\"false\" placeholder=\"Email*\" value=\"\" type=\"email\" name=\"email\" \/><\/span>\n\t\t\t<\/p>\n\t\t<\/div>\n\t<\/div>\n\t<div class=\"form-row-contacto\">\n\t\t<div class=\"column-full\">\n\t\t\t<p><textarea placeholder=\"Comment*\" name=\"mensaje\" rows=\"1\"  class=\"wpcf7-form-control wpcf7-textarea\" aria-invalid=\"false\"><\/textarea>\n\t\t\t<\/p>\n\t\t<\/div>\n\t<\/div>\n\t<div class=\"form-row-contacto\">\n\t\t<div class=\"column-half-textolegal\">\n\t\t\t<p>Los datos personales son tratados por BODEGA VIRGEN DE LA VEGA SOCIEDAD COOPERATIVA, : C\/ SANTO DOMINGO 42, 26200 HARO C.P. 26200 Localidad:Haro y con CIF F26008698 con su consentimiento u otra base legitima. La finalidad del tratamiento es poder atender su solicitud de contacto. No se ceder\u00e1n, salvo justificaci\u00f3n y se conservar\u00e1n mientras exista una base legal para su mantenimiento. Puede ejercitar sus derechos en los t\u00e9rminos indicados en nuestra <a href=\"\/politica-de-privacidad\/\"  target=\"_blank\" style=\"text-decoration: underline; font-weight:400;\" >pol\u00edtica de privacidad<\/a>\n\t\t\t<\/p>\n\t\t<\/div>\n\t<\/div>\n\t<div class=\"form-row-contacto\">\n\t\t<div class=\"column-half\">\n\t\t\t<p><span class=\"acepterms\" style=\"top: 4px; position: relative; color: #000!Important; ><span class=\"wpcf7-form-control-wrap\" data-name=\"check-acepto\"><span class=\"wpcf7-form-control wpcf7-checkbox wpcf7-validates-as-required\"><span class=\"wpcf7-list-item first last\"><input type=\"checkbox\" name=\"check-acepto[]\" value=\"\" \/><span class=\"wpcf7-list-item-label\"><\/span><\/span><\/span><\/span><span style=\"color: #000!Important; top: 6px; left: 5px;position: relative;\">I accept the <a href=\"\/politica-de-privacidad\/\"  target=\"_blank\" style=\"text-decoration: underline; font-weight:400;\" >pol\u00edtica de privacidad<\/a><\/span><\/span>\n\t\t\t<\/p>\n\t\t<\/div>\n\t\t<div class=\"column-half-recaptcha\">\n\t\t<span class=\"wpcf7-form-control-wrap recaptcha\" data-name=\"recaptcha\"><span data-sitekey=\"6LfzrcgaAAAAAMBGOosRHeKlt5N9H-7jRIqB46Ru\" class=\"wpcf7-form-control wpcf7-recaptcha g-recaptcha\"><\/span>\r\n<noscript>\r\n\t<div class=\"grecaptcha-noscript\">\r\n\t\t<iframe loading=\"lazy\" src=\"https:\/\/www.google.com\/recaptcha\/api\/fallback?k=6LfzrcgaAAAAAMBGOosRHeKlt5N9H-7jRIqB46Ru\" frameborder=\"0\" scrolling=\"no\" width=\"310\" height=\"430\">\r\n\t\t<\/iframe>\r\n\t\t<textarea name=\"g-recaptcha-response\" rows=\"3\" cols=\"40\" placeholder=\"reCaptcha Response Here\">\r\n\t\t<\/textarea>\r\n\t<\/div>\r\n<\/noscript>\r\n<\/span>\n\t\t<\/div>\n\t\t<div class=\"column-half\" style=\"text-align:right;\">\n\t\t\t<p><span style=\"font-size:10px;\">* Todos los campos son obligatorios.<\/span>\n\t\t\t<\/p>\n\t\t<\/div>\n\t<\/div>\n\t<div class=\"form-row-contacto\">\n\t\t<div class=\"column-half\">\n\t\t\t<p>&nbsp;\n\t\t\t<\/p>\n\t\t<\/div>\n\t\t<div class=\"column-half\">\n\t\t\t<div class=\"cont-button\">\n\t\t\t\t<p><input class=\"wpcf7-form-control wpcf7-submit has-spinner\" type=\"submit\" value=\"Send\" \/>\n\t\t\t\t<\/p>\n\t\t\t<\/div>\n\t\t<\/div>\n\t<\/div>\n<\/div><p style=\"display: none !important;\" class=\"akismet-fields-container\" data-prefix=\"_wpcf7_ak_\"><label>&#916;<textarea name=\"_wpcf7_ak_hp_textarea\" cols=\"45\" rows=\"8\" maxlength=\"100\"><\/textarea><\/label><input type=\"hidden\" id=\"ak_js_1\" name=\"_wpcf7_ak_js\" value=\"56\"\/><script>document.getElementById( \"ak_js_1\" ).setAttribute( \"value\", ( new Date() ).getTime() );<\/script><\/p><input type='hidden' class='wpcf7-pum' value='{\"closepopup\":false,\"closedelay\":0,\"openpopup\":false,\"openpopup_id\":0}' \/><div class=\"wpcf7-response-output\" aria-hidden=\"true\"><\/div>\n<\/form>\n<\/div>\n[dfd_spacer screen_wide_spacer_size=&#8221;30&#8243; screen_normal_resolution=&#8221;1024&#8243; screen_tablet_resolution=&#8221;800&#8243; screen_mobile_resolution=&#8221;480&#8243;][\/vc_column_inner][vc_column_inner width=&#8221;1\/2&#8243; dfd_column_responsive_enable=&#8221;dfd-column-responsive-enable&#8221; css=&#8221;.vc_custom_1615544514993{padding-left: 40px !important;}&#8221; col_inner_shadow=&#8221;box_shadow_enable:disable|shadow_horizontal:0|shadow_vertical:15|shadow_blur:50|shadow_spread:0|box_shadow_color:rgba(0%2C0%2C0%2C0.35)&#8221; col_inner_shadow_hover=&#8221;box_shadow_enable:disable|shadow_horizontal:0|shadow_vertical:15|shadow_blur:50|shadow_spread:0|box_shadow_color:rgba(0%2C0%2C0%2C0.35)&#8221; responsive_styles=&#8221;padding_left_tablet:0|padding_right_tablet:0|padding_left_mobile:0|padding_right_mobile:0&#8243;][vc_column_text]<iframe loading=\"lazy\" class=\"map\" style=\"border: 0;\" tabindex=\"0\" src=\"https:\/\/www.google.com\/maps\/embed?pb=!1m14!1m8!1m3!1d11753.693339600513!2d-2.8626781!3d42.5675363!3m2!1i1024!2i768!4f13.1!3m3!1m2!1s0x0%3A0x9590c67ab450a127!2sBodegas%20Virgen%20de%20la%20Vega!5e0!3m2!1ses!2ses!4v1616668367816!5m2!1ses!2ses\" width=\"100%\" height=\"1300\" frameborder=\"0\" allowfullscreen=\"allowfullscreen\" aria-hidden=\"false\"><\/iframe>[\/vc_column_text][\/vc_column_inner][\/vc_row_inner][\/vc_column][\/vc_row]<\/p>\n<\/div>","protected":false},"excerpt":{"rendered":"<p>[vc_row dfd_row_config=&#8221;full_width_content&#8221; dfd_bg_style=&#8221;image&#8221; dfd_bg_image_repeat=&#8221;no-repeat&#8221; dfd_bg_image_size=&#8221;initial&#8221; dfd_bg_image_position=&#8221;right top&#8221; dfd_row_responsive_enable=&#8221;dfd-row-responsive-enable&#8221; css=&#8221;.vc_custom_1615486115114{background-position: 0 0 !important;background-repeat: no-repeat !important;}&#8221; responsive_styles=&#8221;padding_left_tablet:20|padding_right_tablet:20|padding_left_mobile:20|padding_right_mobile:20&#8243;][vc_column col_shadow=&#8221;box_shadow_enable:disable|shadow_horizontal:0|shadow_vertical:15|shadow_blur:50|shadow_spread:0|box_shadow_color:rgba(0%2C0%2C0%2C0.35)&#8221; col_shadow_hover=&#8221;box_shadow_enable:disable|shadow_horizontal:0|shadow_vertical:15|shadow_blur:50|shadow_spread:0|box_shadow_color:rgba(0%2C0%2C0%2C0.35)&#8221;][vc_row_inner][vc_column_inner el_class=&#8221;mediacolboxedleft&#8221; width=&#8221;1\/2&#8243; dfd_column_responsive_enable=&#8221;dfd-column-responsive-enable&#8221; col_inner_shadow=&#8221;box_shadow_enable:disable|shadow_horizontal:0|shadow_vertical:15|shadow_blur:50|shadow_spread:0|box_shadow_color:rgba(0%2C0%2C0%2C0.35)&#8221; col_inner_shadow_hover=&#8221;box_shadow_enable:disable|shadow_horizontal:0|shadow_vertical:15|shadow_blur:50|shadow_spread:0|box_shadow_color:rgba(0%2C0%2C0%2C0.35)&#8221; css=&#8221;.vc_custom_1615544571005{padding-right: 40px !important;}&#8221; responsive_styles=&#8221;padding_left_tablet:0|padding_right_tablet:0|padding_left_mobile:0|padding_right_mobile:0&#8243;][dfd_spacer screen_wide_spacer_size=&#8221;120&#8243; screen_normal_resolution=&#8221;1024&#8243; screen_tablet_resolution=&#8221;800&#8243; screen_mobile_resolution=&#8221;480&#8243;<\/p>\n","protected":false},"author":1,"featured_media":0,"parent":0,"menu_order":0,"comment_status":"closed","ping_status":"closed","template":"tmp-page.php","meta":{"footnotes":""},"class_list":["post-974","page","type-page","status-publish","hentry"],"yoast_head":"<!-- This site is optimized with the Yoast SEO plugin v27.4 - https:\/\/yoast.com\/product\/yoast-seo-wordpress\/ -->\n<title>Contact<\/title>\n<meta name=\"description\" content=\"Contact\" \/>\n<meta name=\"robots\" content=\"index, follow, max-snippet:-1, max-image-preview:large, max-video-preview:-1\" \/>\n<link rel=\"canonical\" href=\"https:\/\/www.bodegasvirgendelavega.es\/en\/data-contact-wineries-virgen-vega\/\" \/>\n<meta property=\"og:locale\" content=\"en_US\" \/>\n<meta property=\"og:type\" content=\"article\" \/>\n<meta property=\"og:title\" content=\"Contact\" \/>\n<meta property=\"og:description\" content=\"Contact\" \/>\n<meta property=\"og:url\" content=\"https:\/\/www.bodegasvirgendelavega.es\/en\/data-contact-wineries-virgen-vega\/\" \/>\n<meta property=\"og:site_name\" content=\"Bodegas Virgen de La Vega\" \/>\n<meta property=\"article:modified_time\" content=\"2021-05-06T14:44:41+00:00\" \/>\n<meta name=\"twitter:card\" content=\"summary_large_image\" \/>\n<meta name=\"twitter:label1\" content=\"Est. reading time\" \/>\n\t<meta name=\"twitter:data1\" content=\"1 minute\" \/>\n<script type=\"application\/ld+json\" class=\"yoast-schema-graph\">{\"@context\":\"https:\\\/\\\/schema.org\",\"@graph\":[{\"@type\":\"WebPage\",\"@id\":\"https:\\\/\\\/www.bodegasvirgendelavega.es\\\/en\\\/data-contact-wineries-virgen-vega\\\/\",\"url\":\"https:\\\/\\\/www.bodegasvirgendelavega.es\\\/en\\\/data-contact-wineries-virgen-vega\\\/\",\"name\":\"Contact\",\"isPartOf\":{\"@id\":\"https:\\\/\\\/www.bodegasvirgendelavega.es\\\/en\\\/#website\"},\"datePublished\":\"2020-04-02T08:48:24+00:00\",\"dateModified\":\"2021-05-06T14:44:41+00:00\",\"description\":\"Contact\",\"breadcrumb\":{\"@id\":\"https:\\\/\\\/www.bodegasvirgendelavega.es\\\/en\\\/data-contact-wineries-virgen-vega\\\/#breadcrumb\"},\"inLanguage\":\"en-US\",\"potentialAction\":[{\"@type\":\"ReadAction\",\"target\":[\"https:\\\/\\\/www.bodegasvirgendelavega.es\\\/en\\\/data-contact-wineries-virgen-vega\\\/\"]}]},{\"@type\":\"BreadcrumbList\",\"@id\":\"https:\\\/\\\/www.bodegasvirgendelavega.es\\\/en\\\/data-contact-wineries-virgen-vega\\\/#breadcrumb\",\"itemListElement\":[{\"@type\":\"ListItem\",\"position\":1,\"name\":\"Portada\",\"item\":\"https:\\\/\\\/www.bodegasvirgendelavega.es\\\/en\\\/\"},{\"@type\":\"ListItem\",\"position\":2,\"name\":\"Contact\"}]},{\"@type\":\"WebSite\",\"@id\":\"https:\\\/\\\/www.bodegasvirgendelavega.es\\\/en\\\/#website\",\"url\":\"https:\\\/\\\/www.bodegasvirgendelavega.es\\\/en\\\/\",\"name\":\"Bodegas Virgen de La Vega\",\"description\":\"Vinos de Rioja\",\"publisher\":{\"@id\":\"https:\\\/\\\/www.bodegasvirgendelavega.es\\\/en\\\/#organization\"},\"potentialAction\":[{\"@type\":\"SearchAction\",\"target\":{\"@type\":\"EntryPoint\",\"urlTemplate\":\"https:\\\/\\\/www.bodegasvirgendelavega.es\\\/en\\\/?s={search_term_string}\"},\"query-input\":{\"@type\":\"PropertyValueSpecification\",\"valueRequired\":true,\"valueName\":\"search_term_string\"}}],\"inLanguage\":\"en-US\"},{\"@type\":\"Organization\",\"@id\":\"https:\\\/\\\/www.bodegasvirgendelavega.es\\\/en\\\/#organization\",\"name\":\"BODEGAS VIRGEN DE LA VEGA\",\"url\":\"https:\\\/\\\/www.bodegasvirgendelavega.es\\\/en\\\/\",\"logo\":{\"@type\":\"ImageObject\",\"inLanguage\":\"en-US\",\"@id\":\"https:\\\/\\\/www.bodegasvirgendelavega.es\\\/en\\\/#\\\/schema\\\/logo\\\/image\\\/\",\"url\":\"https:\\\/\\\/www.bodegasvirgendelavega.es\\\/wp-content\\\/uploads\\\/2021\\\/03\\\/cropped-logo.jpg\",\"contentUrl\":\"https:\\\/\\\/www.bodegasvirgendelavega.es\\\/wp-content\\\/uploads\\\/2021\\\/03\\\/cropped-logo.jpg\",\"width\":512,\"height\":512,\"caption\":\"BODEGAS VIRGEN DE LA VEGA\"},\"image\":{\"@id\":\"https:\\\/\\\/www.bodegasvirgendelavega.es\\\/en\\\/#\\\/schema\\\/logo\\\/image\\\/\"}}]}<\/script>\n<!-- \/ Yoast SEO plugin. -->","yoast_head_json":{"title":"Contact","description":"Contact","robots":{"index":"index","follow":"follow","max-snippet":"max-snippet:-1","max-image-preview":"max-image-preview:large","max-video-preview":"max-video-preview:-1"},"canonical":"https:\/\/www.bodegasvirgendelavega.es\/en\/data-contact-wineries-virgen-vega\/","og_locale":"en_US","og_type":"article","og_title":"Contact","og_description":"Contact","og_url":"https:\/\/www.bodegasvirgendelavega.es\/en\/data-contact-wineries-virgen-vega\/","og_site_name":"Bodegas Virgen de La Vega","article_modified_time":"2021-05-06T14:44:41+00:00","twitter_card":"summary_large_image","twitter_misc":{"Est. reading time":"1 minute"},"schema":{"@context":"https:\/\/schema.org","@graph":[{"@type":"WebPage","@id":"https:\/\/www.bodegasvirgendelavega.es\/en\/data-contact-wineries-virgen-vega\/","url":"https:\/\/www.bodegasvirgendelavega.es\/en\/data-contact-wineries-virgen-vega\/","name":"Contact","isPartOf":{"@id":"https:\/\/www.bodegasvirgendelavega.es\/en\/#website"},"datePublished":"2020-04-02T08:48:24+00:00","dateModified":"2021-05-06T14:44:41+00:00","description":"Contact","breadcrumb":{"@id":"https:\/\/www.bodegasvirgendelavega.es\/en\/data-contact-wineries-virgen-vega\/#breadcrumb"},"inLanguage":"en-US","potentialAction":[{"@type":"ReadAction","target":["https:\/\/www.bodegasvirgendelavega.es\/en\/data-contact-wineries-virgen-vega\/"]}]},{"@type":"BreadcrumbList","@id":"https:\/\/www.bodegasvirgendelavega.es\/en\/data-contact-wineries-virgen-vega\/#breadcrumb","itemListElement":[{"@type":"ListItem","position":1,"name":"Portada","item":"https:\/\/www.bodegasvirgendelavega.es\/en\/"},{"@type":"ListItem","position":2,"name":"Contact"}]},{"@type":"WebSite","@id":"https:\/\/www.bodegasvirgendelavega.es\/en\/#website","url":"https:\/\/www.bodegasvirgendelavega.es\/en\/","name":"Bodegas Virgen de La Vega","description":"Vinos de Rioja","publisher":{"@id":"https:\/\/www.bodegasvirgendelavega.es\/en\/#organization"},"potentialAction":[{"@type":"SearchAction","target":{"@type":"EntryPoint","urlTemplate":"https:\/\/www.bodegasvirgendelavega.es\/en\/?s={search_term_string}"},"query-input":{"@type":"PropertyValueSpecification","valueRequired":true,"valueName":"search_term_string"}}],"inLanguage":"en-US"},{"@type":"Organization","@id":"https:\/\/www.bodegasvirgendelavega.es\/en\/#organization","name":"BODEGAS VIRGEN DE LA VEGA","url":"https:\/\/www.bodegasvirgendelavega.es\/en\/","logo":{"@type":"ImageObject","inLanguage":"en-US","@id":"https:\/\/www.bodegasvirgendelavega.es\/en\/#\/schema\/logo\/image\/","url":"https:\/\/www.bodegasvirgendelavega.es\/wp-content\/uploads\/2021\/03\/cropped-logo.jpg","contentUrl":"https:\/\/www.bodegasvirgendelavega.es\/wp-content\/uploads\/2021\/03\/cropped-logo.jpg","width":512,"height":512,"caption":"BODEGAS VIRGEN DE LA VEGA"},"image":{"@id":"https:\/\/www.bodegasvirgendelavega.es\/en\/#\/schema\/logo\/image\/"}}]}},"_links":{"self":[{"href":"https:\/\/www.bodegasvirgendelavega.es\/en\/wp-json\/wp\/v2\/pages\/974","targetHints":{"allow":["GET"]}}],"collection":[{"href":"https:\/\/www.bodegasvirgendelavega.es\/en\/wp-json\/wp\/v2\/pages"}],"about":[{"href":"https:\/\/www.bodegasvirgendelavega.es\/en\/wp-json\/wp\/v2\/types\/page"}],"author":[{"embeddable":true,"href":"https:\/\/www.bodegasvirgendelavega.es\/en\/wp-json\/wp\/v2\/users\/1"}],"replies":[{"embeddable":true,"href":"https:\/\/www.bodegasvirgendelavega.es\/en\/wp-json\/wp\/v2\/comments?post=974"}],"version-history":[{"count":4,"href":"https:\/\/www.bodegasvirgendelavega.es\/en\/wp-json\/wp\/v2\/pages\/974\/revisions"}],"predecessor-version":[{"id":1121,"href":"https:\/\/www.bodegasvirgendelavega.es\/en\/wp-json\/wp\/v2\/pages\/974\/revisions\/1121"}],"wp:attachment":[{"href":"https:\/\/www.bodegasvirgendelavega.es\/en\/wp-json\/wp\/v2\/media?parent=974"}],"curies":[{"name":"wp","href":"https:\/\/api.w.org\/{rel}","templated":true}]}}