{"id":1040,"date":"2020-04-01T17:28:26","date_gmt":"2020-04-01T17:28:26","guid":{"rendered":"http:\/\/www.bodegasvirgendelavega.es\/politica-de-cookies\/"},"modified":"2021-04-29T10:22:05","modified_gmt":"2021-04-29T10:22:05","slug":"cookies-policy","status":"publish","type":"page","link":"https:\/\/www.bodegasvirgendelavega.es\/en\/cookies-policy\/","title":{"rendered":"Cookies policy"},"content":{"rendered":"<div class=\"wpb-content-wrapper\"><p>[vc_row][vc_column][vc_column_text]<\/p>\r\n\r\n<p>Utilizamos cookies para facilitar el uso de nuestra p\u00e1gina web.\u00a0<\/p>\r\n\r\n<p>Las cookies son peque\u00f1os ficheros de informaci\u00f3n que nos permiten comparar y entender c\u00f3mo nuestros usuarios navegan a trav\u00e9s de nuestra p\u00e1gina web, y de esta manera poder mejorar consecuentemente el proceso de navegaci\u00f3n.\u00a0<\/p>\r\n\r\n<p>Las cookies que utilizamos no almacenan dato personal alguno, ni ning\u00fan tipo de informaci\u00f3n que pueda identificarle. En caso de no querer recibir cookies, por favor configure su navegador de Internet para que las borre del disco duro de su ordenador, las bloquee o le avise en caso de instalaci\u00f3n de las mismas.\u00a0<\/p>\r\n\r\n<p>Para continuar sin cambios en la configuraci\u00f3n de las cookies, simplemente contin\u00fae en la p\u00e1gina web.<\/p>\r\n\r\n\r\n\r\n<p>Puedes obtener m\u00e1s informaci\u00f3n sobre las cookies y su uso en <a href=\"http:\/\/www.aboutcookies.org\">www.aboutcookies.org<\/a>. \u00a0<\/p>\r\n\r\n<h3>LOS TIPOS DE COOKIES QUE UTILIZAMOS<\/h3>\r\n<p><script type=\"text\/javascript\" charset=\"UTF-8\"  data-cookiescriptreport=\"report\" src=\"\/\/report.cookie-script.com\/r\/d8b8bacd885401a8ec3c5e65428049d1.js\"><\/script><\/p>\r\n<p>&nbsp;<\/p>\r\n<p>&nbsp;<\/p>\r\n<h3>C\u00d3MO ADMINISTRAR LAS COOKIES EN LOS ORDENADORES<\/h3>\r\n<p>Si quieres permitir el uso de cookies de nuestro site, por favor sigue las siguientes instrucciones. <strong>Google Chrome<\/strong><\/p>\r\n<ol>\r\n<li>Al abrir el navegador, pincha \u201cherramientas\u201d en la parte superior y selecciona la pesta\u00f1a de \u201copciones\u201d.<\/li>\r\n<li>Dentro de opciones, pincha \u201cprivacidad\u201d.<\/li>\r\n<li>Marca \u201cpermitir la administraci\u00f3n de cookies\u201d.<\/li>\r\n<\/ol>\r\n<p><strong>Microsoft Internet Explorer 6.0, 7.0, 8.0, 9.0<\/strong><\/p>\r\n<ol>\r\n<li>Al abrir el navegador, pincha \u201cherramientas\u201d en la parte superior y selecciona la pesta\u00f1a de \u201copciones\u201d.<\/li>\r\n<li>Revisa la pesta\u00f1a de \u201cPrivacidad\u201d asegur\u00e1ndote est\u00e1 configurada con un nivel de seguridad medio o inferior.<\/li>\r\n<li>Si la configuraci\u00f3n de Internet no es media se estar\u00e1n bloqueando las cookies.<\/li>\r\n<\/ol>\r\n<p><strong>Mozilla Firefox<\/strong><\/p>\r\n<ol>\r\n<li>Al abrir el navegador, pincha \u201cherramientas\u201d en la parte superior y selecciona la pesta\u00f1a de \u201copciones\u201d.<\/li>\r\n<li>Selecciona el icono de Privacidad<\/li>\r\n<li>Pincha en cookies, y marca: \u201cpermitir la instalaci\u00f3n de cookies\u201d.<\/li>\r\n<\/ol>\r\n<p><strong>Safari<\/strong><\/p>\r\n<ol>\r\n<li>Al abrir el navegador, pincha \u201cherramientas\u201d en la parte superior y selecciona la pesta\u00f1a de \u201copciones\u201d.<\/li>\r\n<li>Pincha en la pesta\u00f1a de \u201cSeguridad\u201d y revisa si la opci\u00f3n \u201cBloquear el acceso de cookies de terceros\u201d est\u00e1 marcada o no.<\/li>\r\n<li>Pincha en \u201cguardar\u201d.<\/li>\r\n<\/ol>\r\n<p>&nbsp;<\/p>\r\n<h3>LA INSTALACI\u00d3N DE COOKIES EN MAC<\/h3>\r\n<p>Si tienes un Mac y quieres permitir el acceso de nuestras cookies en tu ordenador, por favor sigue las siguientes instrucciones: <strong>Microsoft Internet Explorer 5.0 en OSX<\/strong><\/p>\r\n<ol>\r\n<li>Entra en \u201cExplorer\u201d y selecciona \u201cPreferencias\u201d en la barra de navegaci\u00f3n.<\/li>\r\n<li>Haz scroll hacia abajo hasta que veas \u201cCookies\u201d justo debajo de archivos recibidos.<\/li>\r\n<li>Marca \u201cNo volver a preguntar\u201d.<\/li>\r\n<\/ol>\r\n<p><strong>Safari en OSX<\/strong><\/p>\r\n<ol>\r\n<li>Entra en Safari y selecciona \u201cPreferencias\u201d en la barra de navegaci\u00f3n.<\/li>\r\n<li>Pincha en la pesta\u00f1a de \u201cSeguridad\u201d y marcae la opci\u00f3n \u201caceptar cookies\u201d<\/li>\r\n<li>Selecciona la opci\u00f3n: \u201cS\u00f3lo desde el site actual en que estoy navegando\u201d<\/li>\r\n<\/ol>\r\n<p><strong>Mozilla y Netscape en OSX<\/strong><\/p>\r\n<ol>\r\n<li>Entra en \u201cMozilla\u201d o \u201cNetscape\u201d y en la parte superior de tu navegador, marca la opci\u00f3n de \u201cPreferencias\u201d<\/li>\r\n<li>Haz scroll hacia abajo hasta que veas \u201cCookies\u201d justo debajo de \u201cPrivacidad y Seguridad\u201d.<\/li>\r\n<li>Marca la opci\u00f3n \u201cPermitir el acceso de cookies s\u00f3lo desde el site actual\u201d<\/li>\r\n<\/ol>\r\n<p><strong>Opera<\/strong><\/p>\r\n<ol>\r\n<li>Entra en \u201cOpera\u201d y selecciona \u201cMenu\u201d y \u201cAjustes\u201d en la barra de navegaci\u00f3n.<\/li>\r\n<li>Selecciona \u201cPreferencias\u201d y pincha en la pesta\u00f1a de \u201cAvanzado\u201d.<\/li>\r\n<li>Marca la opci\u00f3n \u201cAceptar cookies\u201d<\/li>\r\n<\/ol>\r\n<p>&nbsp;<\/p>\r\n<h3>GOOGLE ANALYTICS<\/h3>\r\n<p>Este sitio web utiliza Google Analytics, servicio anal\u00edtico de web prestado por la compa\u00f1\u00eda norteamericana Google, Inc., con oficina en 1600 Amphitheatre Parkway, Mountain View (California), CA 94043, Estados Unidos de Am\u00e9rica. Google Analytics utiliza sus propias cookies,\u00a0para ayudar a analizar el uso que hacen los usuarios del sitio web. La informaci\u00f3n que genera la\u00a0cookie, incluyendo su direcci\u00f3n IP, ser\u00e1 directamente transmitida y archivada por Google en los\u00a0servidores de Estados Unidos. Google usar\u00e1 estos datos, p\u00e1ginas y b\u00fasquedas referentes, datos\u00a0de localizaci\u00f3n, y otros h\u00e1bitos de navegaci\u00f3n, para recopilar informaci\u00f3n sobre el uso del sitio\u00a0web, recopilando informes de la actividad y prestando otros servicios relacionados con el uso\u00a0de Internet. El uso de dicha informaci\u00f3n es responsabilidad exclusiva de Google, que establece\u00a0en sus condiciones que podr\u00e1 transmitirla a terceros cuando as\u00ed se lo requiera la legislaci\u00f3n, o\u00a0cuando dichos terceros procesen la informaci\u00f3n por cuenta de Google. Google indica que no\u00a0asociar\u00e1 su direcci\u00f3n IP con ning\u00fan otro dato del que disponga dicha empresa.[\/vc_column_text][\/vc_column][\/vc_row]<\/p><\/div>","protected":false},"excerpt":{"rendered":"<p>[vc_row][vc_column][vc_column_text] Puedes obtener m\u00e1s informaci\u00f3n sobre las cookies y su uso en www.aboutcookies.org. \u00a0 LOS TIPOS DE COOKIES QUE UTILIZAMOS &nbsp; &nbsp; C\u00d3MO ADMINISTRAR LAS COOKIES EN LOS ORDENADORES Si<\/p>\n","protected":false},"author":1,"featured_media":0,"parent":0,"menu_order":0,"comment_status":"closed","ping_status":"closed","template":"","meta":{"footnotes":""},"class_list":["post-1040","page","type-page","status-publish","hentry"],"yoast_head":"<!-- This site is optimized with the Yoast SEO plugin v27.4 - https:\/\/yoast.com\/product\/yoast-seo-wordpress\/ -->\n<title>Cookies policy<\/title>\n<meta name=\"description\" content=\"Cookies policy\" \/>\n<meta name=\"robots\" content=\"noindex, follow\" \/>\n<meta property=\"og:locale\" content=\"en_US\" \/>\n<meta property=\"og:type\" content=\"article\" \/>\n<meta property=\"og:title\" content=\"Cookies policy\" \/>\n<meta property=\"og:description\" content=\"Cookies policy\" \/>\n<meta property=\"og:url\" content=\"https:\/\/www.bodegasvirgendelavega.es\/en\/cookies-policy\/\" \/>\n<meta property=\"og:site_name\" content=\"Bodegas Virgen de La Vega\" \/>\n<meta property=\"article:modified_time\" content=\"2021-04-29T10:22:05+00:00\" \/>\n<meta name=\"twitter:card\" content=\"summary_large_image\" \/>\n<meta name=\"twitter:label1\" content=\"Est. reading time\" \/>\n\t<meta name=\"twitter:data1\" content=\"4 minutes\" \/>\n<script type=\"application\/ld+json\" class=\"yoast-schema-graph\">{\"@context\":\"https:\\\/\\\/schema.org\",\"@graph\":[{\"@type\":\"WebPage\",\"@id\":\"https:\\\/\\\/www.bodegasvirgendelavega.es\\\/en\\\/cookies-policy\\\/\",\"url\":\"https:\\\/\\\/www.bodegasvirgendelavega.es\\\/en\\\/cookies-policy\\\/\",\"name\":\"Cookies policy\",\"isPartOf\":{\"@id\":\"https:\\\/\\\/www.bodegasvirgendelavega.es\\\/en\\\/#website\"},\"datePublished\":\"2020-04-01T17:28:26+00:00\",\"dateModified\":\"2021-04-29T10:22:05+00:00\",\"description\":\"Cookies policy\",\"breadcrumb\":{\"@id\":\"https:\\\/\\\/www.bodegasvirgendelavega.es\\\/en\\\/cookies-policy\\\/#breadcrumb\"},\"inLanguage\":\"en-US\",\"potentialAction\":[{\"@type\":\"ReadAction\",\"target\":[\"https:\\\/\\\/www.bodegasvirgendelavega.es\\\/en\\\/cookies-policy\\\/\"]}]},{\"@type\":\"BreadcrumbList\",\"@id\":\"https:\\\/\\\/www.bodegasvirgendelavega.es\\\/en\\\/cookies-policy\\\/#breadcrumb\",\"itemListElement\":[{\"@type\":\"ListItem\",\"position\":1,\"name\":\"Portada\",\"item\":\"https:\\\/\\\/www.bodegasvirgendelavega.es\\\/en\\\/\"},{\"@type\":\"ListItem\",\"position\":2,\"name\":\"Cookies policy\"}]},{\"@type\":\"WebSite\",\"@id\":\"https:\\\/\\\/www.bodegasvirgendelavega.es\\\/en\\\/#website\",\"url\":\"https:\\\/\\\/www.bodegasvirgendelavega.es\\\/en\\\/\",\"name\":\"Bodegas Virgen de La Vega\",\"description\":\"Vinos de Rioja\",\"publisher\":{\"@id\":\"https:\\\/\\\/www.bodegasvirgendelavega.es\\\/en\\\/#organization\"},\"potentialAction\":[{\"@type\":\"SearchAction\",\"target\":{\"@type\":\"EntryPoint\",\"urlTemplate\":\"https:\\\/\\\/www.bodegasvirgendelavega.es\\\/en\\\/?s={search_term_string}\"},\"query-input\":{\"@type\":\"PropertyValueSpecification\",\"valueRequired\":true,\"valueName\":\"search_term_string\"}}],\"inLanguage\":\"en-US\"},{\"@type\":\"Organization\",\"@id\":\"https:\\\/\\\/www.bodegasvirgendelavega.es\\\/en\\\/#organization\",\"name\":\"BODEGAS VIRGEN DE LA VEGA\",\"url\":\"https:\\\/\\\/www.bodegasvirgendelavega.es\\\/en\\\/\",\"logo\":{\"@type\":\"ImageObject\",\"inLanguage\":\"en-US\",\"@id\":\"https:\\\/\\\/www.bodegasvirgendelavega.es\\\/en\\\/#\\\/schema\\\/logo\\\/image\\\/\",\"url\":\"https:\\\/\\\/www.bodegasvirgendelavega.es\\\/wp-content\\\/uploads\\\/2021\\\/03\\\/cropped-logo.jpg\",\"contentUrl\":\"https:\\\/\\\/www.bodegasvirgendelavega.es\\\/wp-content\\\/uploads\\\/2021\\\/03\\\/cropped-logo.jpg\",\"width\":512,\"height\":512,\"caption\":\"BODEGAS VIRGEN DE LA VEGA\"},\"image\":{\"@id\":\"https:\\\/\\\/www.bodegasvirgendelavega.es\\\/en\\\/#\\\/schema\\\/logo\\\/image\\\/\"}}]}<\/script>\n<!-- \/ Yoast SEO plugin. -->","yoast_head_json":{"title":"Cookies policy","description":"Cookies policy","robots":{"index":"noindex","follow":"follow"},"og_locale":"en_US","og_type":"article","og_title":"Cookies policy","og_description":"Cookies policy","og_url":"https:\/\/www.bodegasvirgendelavega.es\/en\/cookies-policy\/","og_site_name":"Bodegas Virgen de La Vega","article_modified_time":"2021-04-29T10:22:05+00:00","twitter_card":"summary_large_image","twitter_misc":{"Est. reading time":"4 minutes"},"schema":{"@context":"https:\/\/schema.org","@graph":[{"@type":"WebPage","@id":"https:\/\/www.bodegasvirgendelavega.es\/en\/cookies-policy\/","url":"https:\/\/www.bodegasvirgendelavega.es\/en\/cookies-policy\/","name":"Cookies policy","isPartOf":{"@id":"https:\/\/www.bodegasvirgendelavega.es\/en\/#website"},"datePublished":"2020-04-01T17:28:26+00:00","dateModified":"2021-04-29T10:22:05+00:00","description":"Cookies policy","breadcrumb":{"@id":"https:\/\/www.bodegasvirgendelavega.es\/en\/cookies-policy\/#breadcrumb"},"inLanguage":"en-US","potentialAction":[{"@type":"ReadAction","target":["https:\/\/www.bodegasvirgendelavega.es\/en\/cookies-policy\/"]}]},{"@type":"BreadcrumbList","@id":"https:\/\/www.bodegasvirgendelavega.es\/en\/cookies-policy\/#breadcrumb","itemListElement":[{"@type":"ListItem","position":1,"name":"Portada","item":"https:\/\/www.bodegasvirgendelavega.es\/en\/"},{"@type":"ListItem","position":2,"name":"Cookies policy"}]},{"@type":"WebSite","@id":"https:\/\/www.bodegasvirgendelavega.es\/en\/#website","url":"https:\/\/www.bodegasvirgendelavega.es\/en\/","name":"Bodegas Virgen de La Vega","description":"Vinos de Rioja","publisher":{"@id":"https:\/\/www.bodegasvirgendelavega.es\/en\/#organization"},"potentialAction":[{"@type":"SearchAction","target":{"@type":"EntryPoint","urlTemplate":"https:\/\/www.bodegasvirgendelavega.es\/en\/?s={search_term_string}"},"query-input":{"@type":"PropertyValueSpecification","valueRequired":true,"valueName":"search_term_string"}}],"inLanguage":"en-US"},{"@type":"Organization","@id":"https:\/\/www.bodegasvirgendelavega.es\/en\/#organization","name":"BODEGAS VIRGEN DE LA VEGA","url":"https:\/\/www.bodegasvirgendelavega.es\/en\/","logo":{"@type":"ImageObject","inLanguage":"en-US","@id":"https:\/\/www.bodegasvirgendelavega.es\/en\/#\/schema\/logo\/image\/","url":"https:\/\/www.bodegasvirgendelavega.es\/wp-content\/uploads\/2021\/03\/cropped-logo.jpg","contentUrl":"https:\/\/www.bodegasvirgendelavega.es\/wp-content\/uploads\/2021\/03\/cropped-logo.jpg","width":512,"height":512,"caption":"BODEGAS VIRGEN DE LA VEGA"},"image":{"@id":"https:\/\/www.bodegasvirgendelavega.es\/en\/#\/schema\/logo\/image\/"}}]}},"_links":{"self":[{"href":"https:\/\/www.bodegasvirgendelavega.es\/en\/wp-json\/wp\/v2\/pages\/1040","targetHints":{"allow":["GET"]}}],"collection":[{"href":"https:\/\/www.bodegasvirgendelavega.es\/en\/wp-json\/wp\/v2\/pages"}],"about":[{"href":"https:\/\/www.bodegasvirgendelavega.es\/en\/wp-json\/wp\/v2\/types\/page"}],"author":[{"embeddable":true,"href":"https:\/\/www.bodegasvirgendelavega.es\/en\/wp-json\/wp\/v2\/users\/1"}],"replies":[{"embeddable":true,"href":"https:\/\/www.bodegasvirgendelavega.es\/en\/wp-json\/wp\/v2\/comments?post=1040"}],"version-history":[{"count":2,"href":"https:\/\/www.bodegasvirgendelavega.es\/en\/wp-json\/wp\/v2\/pages\/1040\/revisions"}],"predecessor-version":[{"id":1042,"href":"https:\/\/www.bodegasvirgendelavega.es\/en\/wp-json\/wp\/v2\/pages\/1040\/revisions\/1042"}],"wp:attachment":[{"href":"https:\/\/www.bodegasvirgendelavega.es\/en\/wp-json\/wp\/v2\/media?parent=1040"}],"curies":[{"name":"wp","href":"https:\/\/api.w.org\/{rel}","templated":true}]}}